{"id":1811,"date":"2025-06-04T17:22:46","date_gmt":"2025-06-04T16:22:46","guid":{"rendered":"https:\/\/irantzuarru.eus\/?page_id=1811"},"modified":"2025-06-04T21:16:37","modified_gmt":"2025-06-04T20:16:37","slug":"otros","status":"publish","type":"page","link":"https:\/\/irantzuarru.eus\/?page_id=1811&lang=es","title":{"rendered":"OTROS"},"content":{"rendered":"\t\t<div data-elementor-type=\"wp-page\" data-elementor-id=\"1811\" class=\"elementor elementor-1811\" data-elementor-settings=\"{&quot;ha_cmc_init_switcher&quot;:&quot;no&quot;}\" data-elementor-post-type=\"page\">\n\t\t\t\t<div class=\"elementor-element elementor-element-15af1ff e-con-full e-flex e-con e-parent\" data-id=\"15af1ff\" data-element_type=\"container\" data-settings=\"{&quot;background_background&quot;:&quot;classic&quot;,&quot;_ha_eqh_enable&quot;:false}\">\n\t\t\t\t<div class=\"elementor-element elementor-element-6911b31 ha-css-transform-yes elementor-widget elementor-widget-heading\" data-id=\"6911b31\" data-element_type=\"widget\" data-widget_type=\"heading.default\">\n\t\t\t\t<div class=\"elementor-widget-container\">\n\t\t\t\t\t<h2 class=\"elementor-heading-title elementor-size-default\"><p data-start=\"86\" data-end=\"499\">M\u00e1s all\u00e1 de los proyectos audiovisuales, tambi\u00e9n me sumerjo en otro tipo de iniciativas creativas: he ayudado a grabar la secci\u00f3n de un podcast, he dise\u00f1ado un fanzine, y grabo momentos de la vida cotidiana con un camcorder para documentar mi entorno de forma personal y nost\u00e1lgica. Estos proyectos me permiten actuar con m\u00e1s libertad y muestran otras caras de mi creatividad.\n.<\/p>\n<h2 class=\"elementor-heading-title elementor-size-default elementor-inline-editing pen\" data-elementor-setting-key=\"title\" data-pen-placeholder=\"Type Here...\" style=\"font-family: Slackey, sans-serif; font-weight: 400; color: rgb(232, 232, 232);\"><\/h2><\/h2>\t\t\t\t<\/div>\n\t\t\t\t<\/div>\n\t\t\t\t<\/div>\n\t\t<div class=\"elementor-element elementor-element-a0296d4 e-con-full e-flex e-con e-parent\" data-id=\"a0296d4\" data-element_type=\"container\" data-settings=\"{&quot;_ha_eqh_enable&quot;:false}\">\n\t\t<div class=\"elementor-element elementor-element-3a8ba61 e-con-full e-flex e-con e-child\" data-id=\"3a8ba61\" data-element_type=\"container\" data-settings=\"{&quot;background_background&quot;:&quot;classic&quot;,&quot;_ha_eqh_enable&quot;:false}\">\n\t\t\t\t<div data-ha-element-link=\"{&quot;url&quot;:&quot;https:\\\/\\\/irantzuarru.eus\\\/?page_id=1851&#038;lang=es&quot;,&quot;is_external&quot;:&quot;&quot;,&quot;nofollow&quot;:&quot;&quot;}\" style=\"cursor: pointer\" class=\"elementor-element elementor-element-823f1f3 animated-slow e-transform elementor-invisible elementor-widget elementor-widget-image\" data-id=\"823f1f3\" data-element_type=\"widget\" data-settings=\"{&quot;_animation&quot;:&quot;fadeIn&quot;,&quot;_transform_scale_effect_hover&quot;:{&quot;unit&quot;:&quot;px&quot;,&quot;size&quot;:0.9,&quot;sizes&quot;:[]},&quot;_transform_scale_effect_hover_tablet&quot;:{&quot;unit&quot;:&quot;px&quot;,&quot;size&quot;:&quot;&quot;,&quot;sizes&quot;:[]},&quot;_transform_scale_effect_hover_mobile&quot;:{&quot;unit&quot;:&quot;px&quot;,&quot;size&quot;:&quot;&quot;,&quot;sizes&quot;:[]}}\" data-widget_type=\"image.default\">\n\t\t\t\t<div class=\"elementor-widget-container\">\n\t\t\t\t\t\t\t\t\t\t\t\t\t\t\t<img fetchpriority=\"high\" decoding=\"async\" width=\"552\" height=\"774\" src=\"https:\/\/irantzuarru.eus\/wp-content\/uploads\/2025\/05\/FANZINE.png\" class=\"attachment-full size-full wp-image-1094\" alt=\"\" srcset=\"https:\/\/irantzuarru.eus\/wp-content\/uploads\/2025\/05\/FANZINE.png 552w, https:\/\/irantzuarru.eus\/wp-content\/uploads\/2025\/05\/FANZINE-214x300.png 214w\" sizes=\"(max-width: 552px) 100vw, 552px\" \/>\t\t\t\t\t\t\t\t\t\t\t\t\t\t\t<\/div>\n\t\t\t\t<\/div>\n\t\t\t\t<\/div>\n\t\t<div class=\"elementor-element elementor-element-3dac747 e-con-full e-flex e-con e-child\" data-id=\"3dac747\" data-element_type=\"container\" data-settings=\"{&quot;background_background&quot;:&quot;classic&quot;,&quot;_ha_eqh_enable&quot;:false}\">\n\t\t\t\t<div data-ha-element-link=\"{&quot;url&quot;:&quot;https:\\\/\\\/irantzuarru.eus\\\/?page_id=1827&#038;lang=es&quot;,&quot;is_external&quot;:&quot;&quot;,&quot;nofollow&quot;:&quot;&quot;}\" style=\"cursor: pointer\" class=\"elementor-element elementor-element-3c3ba82 ha-css-transform-yes animated-slow e-transform elementor-invisible elementor-widget elementor-widget-image\" data-id=\"3c3ba82\" data-element_type=\"widget\" data-settings=\"{&quot;_animation&quot;:&quot;fadeIn&quot;,&quot;_transform_scale_effect_hover&quot;:{&quot;unit&quot;:&quot;px&quot;,&quot;size&quot;:0.9,&quot;sizes&quot;:[]},&quot;_transform_scale_effect_hover_tablet&quot;:{&quot;unit&quot;:&quot;px&quot;,&quot;size&quot;:&quot;&quot;,&quot;sizes&quot;:[]},&quot;_transform_scale_effect_hover_mobile&quot;:{&quot;unit&quot;:&quot;px&quot;,&quot;size&quot;:&quot;&quot;,&quot;sizes&quot;:[]}}\" data-widget_type=\"image.default\">\n\t\t\t\t<div class=\"elementor-widget-container\">\n\t\t\t\t\t\t\t\t\t\t\t\t\t\t\t<img decoding=\"async\" width=\"783\" height=\"403\" src=\"https:\/\/irantzuarru.eus\/wp-content\/uploads\/2025\/05\/hdr-cx405.png\" class=\"attachment-full size-full wp-image-1096\" alt=\"\" srcset=\"https:\/\/irantzuarru.eus\/wp-content\/uploads\/2025\/05\/hdr-cx405.png 783w, https:\/\/irantzuarru.eus\/wp-content\/uploads\/2025\/05\/hdr-cx405-300x154.png 300w, https:\/\/irantzuarru.eus\/wp-content\/uploads\/2025\/05\/hdr-cx405-768x395.png 768w\" sizes=\"(max-width: 783px) 100vw, 783px\" \/>\t\t\t\t\t\t\t\t\t\t\t\t\t\t\t<\/div>\n\t\t\t\t<\/div>\n\t\t\t\t<\/div>\n\t\t<div data-ha-element-link=\"{&quot;url&quot;:&quot;https:\\\/\\\/irantzuarru.eus\\\/?page_id=1904&#038;lang=es&quot;,&quot;is_external&quot;:&quot;&quot;,&quot;nofollow&quot;:&quot;&quot;}\" style=\"cursor: pointer\" class=\"elementor-element elementor-element-61bd4df e-con-full e-flex e-con e-child\" data-id=\"61bd4df\" data-element_type=\"container\" data-settings=\"{&quot;background_background&quot;:&quot;classic&quot;,&quot;_ha_eqh_enable&quot;:false}\">\n\t\t\t\t<div data-ha-element-link=\"{&quot;url&quot;:&quot;https:\\\/\\\/irantzuarru.eus\\\/?page_id=1157&quot;,&quot;is_external&quot;:&quot;&quot;,&quot;nofollow&quot;:&quot;&quot;}\" style=\"cursor: pointer\" class=\"elementor-element elementor-element-3ecc094 e-transform ha-css-transform-yes animated-slow e-transform elementor-invisible elementor-widget elementor-widget-image\" data-id=\"3ecc094\" data-element_type=\"widget\" data-settings=\"{&quot;_transform_scale_effect&quot;:{&quot;unit&quot;:&quot;px&quot;,&quot;size&quot;:1.2,&quot;sizes&quot;:[]},&quot;_animation&quot;:&quot;fadeIn&quot;,&quot;_transform_scale_effect_hover&quot;:{&quot;unit&quot;:&quot;px&quot;,&quot;size&quot;:0.9,&quot;sizes&quot;:[]},&quot;_transform_scale_effect_tablet&quot;:{&quot;unit&quot;:&quot;px&quot;,&quot;size&quot;:&quot;&quot;,&quot;sizes&quot;:[]},&quot;_transform_scale_effect_mobile&quot;:{&quot;unit&quot;:&quot;px&quot;,&quot;size&quot;:&quot;&quot;,&quot;sizes&quot;:[]},&quot;_transform_scale_effect_hover_tablet&quot;:{&quot;unit&quot;:&quot;px&quot;,&quot;size&quot;:&quot;&quot;,&quot;sizes&quot;:[]},&quot;_transform_scale_effect_hover_mobile&quot;:{&quot;unit&quot;:&quot;px&quot;,&quot;size&quot;:&quot;&quot;,&quot;sizes&quot;:[]}}\" data-widget_type=\"image.default\">\n\t\t\t\t<div class=\"elementor-widget-container\">\n\t\t\t\t\t\t\t\t\t\t\t\t\t\t\t<img decoding=\"async\" width=\"393\" height=\"393\" src=\"https:\/\/irantzuarru.eus\/wp-content\/uploads\/2025\/05\/Group-56-2-1.png\" class=\"attachment-full size-full wp-image-1511\" alt=\"\" srcset=\"https:\/\/irantzuarru.eus\/wp-content\/uploads\/2025\/05\/Group-56-2-1.png 393w, https:\/\/irantzuarru.eus\/wp-content\/uploads\/2025\/05\/Group-56-2-1-300x300.png 300w, https:\/\/irantzuarru.eus\/wp-content\/uploads\/2025\/05\/Group-56-2-1-150x150.png 150w\" sizes=\"(max-width: 393px) 100vw, 393px\" \/>\t\t\t\t\t\t\t\t\t\t\t\t\t\t\t<\/div>\n\t\t\t\t<\/div>\n\t\t\t\t<\/div>\n\t\t\t\t<\/div>\n\t\t\t\t<\/div>\n\t\t","protected":false},"excerpt":{"rendered":"<p>M\u00e1s all\u00e1 de los proyectos audiovisuales, tambi\u00e9n me sumerjo en otro tipo de iniciativas creativas: he ayudado a grabar la secci\u00f3n de un podcast, he dise\u00f1ado un fanzine, y grabo momentos de la vida cotidiana con un camcorder para documentar mi entorno de forma personal y nost\u00e1lgica. Estos proyectos me permiten actuar con m\u00e1s libertad [&hellip;]<\/p>\n","protected":false},"author":1,"featured_media":0,"parent":0,"menu_order":0,"comment_status":"closed","ping_status":"closed","template":"","meta":{"footnotes":""},"class_list":["post-1811","page","type-page","status-publish","hentry"],"_links":{"self":[{"href":"https:\/\/irantzuarru.eus\/index.php?rest_route=\/wp\/v2\/pages\/1811","targetHints":{"allow":["GET"]}}],"collection":[{"href":"https:\/\/irantzuarru.eus\/index.php?rest_route=\/wp\/v2\/pages"}],"about":[{"href":"https:\/\/irantzuarru.eus\/index.php?rest_route=\/wp\/v2\/types\/page"}],"author":[{"embeddable":true,"href":"https:\/\/irantzuarru.eus\/index.php?rest_route=\/wp\/v2\/users\/1"}],"replies":[{"embeddable":true,"href":"https:\/\/irantzuarru.eus\/index.php?rest_route=%2Fwp%2Fv2%2Fcomments&post=1811"}],"version-history":[{"count":7,"href":"https:\/\/irantzuarru.eus\/index.php?rest_route=\/wp\/v2\/pages\/1811\/revisions"}],"predecessor-version":[{"id":2032,"href":"https:\/\/irantzuarru.eus\/index.php?rest_route=\/wp\/v2\/pages\/1811\/revisions\/2032"}],"wp:attachment":[{"href":"https:\/\/irantzuarru.eus\/index.php?rest_route=%2Fwp%2Fv2%2Fmedia&parent=1811"}],"curies":[{"name":"wp","href":"https:\/\/api.w.org\/{rel}","templated":true}]}}