{"id":1891,"date":"2025-06-04T17:52:35","date_gmt":"2025-06-04T16:52:35","guid":{"rendered":"https:\/\/irantzuarru.eus\/?page_id=1891"},"modified":"2025-06-04T18:51:58","modified_gmt":"2025-06-04T17:51:58","slug":"yo-cas","status":"publish","type":"page","link":"https:\/\/irantzuarru.eus\/?page_id=1891&lang=es","title":{"rendered":"Yo cas"},"content":{"rendered":"\t\t<div data-elementor-type=\"wp-page\" data-elementor-id=\"1891\" class=\"elementor elementor-1891\" data-elementor-settings=\"{&quot;ha_cmc_init_switcher&quot;:&quot;no&quot;}\" data-elementor-post-type=\"page\">\n\t\t\t\t<div class=\"elementor-element elementor-element-1a8c22a e-con-full e-flex e-con e-parent\" data-id=\"1a8c22a\" data-element_type=\"container\" data-settings=\"{&quot;_ha_eqh_enable&quot;:false}\">\n\t\t\t\t<div class=\"elementor-element elementor-element-46c313c elementor--h-position-center elementor--v-position-middle elementor-arrows-position-inside elementor-pagination-position-inside elementor-widget elementor-widget-slides\" data-id=\"46c313c\" data-element_type=\"widget\" data-settings=\"{&quot;transition&quot;:&quot;fade&quot;,&quot;autoplay_speed&quot;:16000,&quot;navigation&quot;:&quot;both&quot;,&quot;autoplay&quot;:&quot;yes&quot;,&quot;pause_on_hover&quot;:&quot;yes&quot;,&quot;pause_on_interaction&quot;:&quot;yes&quot;,&quot;infinite&quot;:&quot;yes&quot;,&quot;transition_speed&quot;:500}\" data-widget_type=\"slides.default\">\n\t\t\t\t<div class=\"elementor-widget-container\">\n\t\t\t\t\t\t\t\t\t<div class=\"elementor-swiper\">\n\t\t\t\t\t<div class=\"elementor-slides-wrapper elementor-main-swiper swiper\" role=\"region\" aria-roledescription=\"carousel\" aria-label=\"Slides\" dir=\"ltr\" data-animation=\"fadeInUp\">\n\t\t\t\t<div class=\"swiper-wrapper elementor-slides\">\n\t\t\t\t\t\t\t\t\t\t<div class=\"elementor-repeater-item-5e9acec swiper-slide\" role=\"group\" aria-roledescription=\"slide\"><div class=\"swiper-slide-bg\" role=\"img\"><\/div><div class=\"elementor-background-overlay\"><\/div><div class=\"swiper-slide-inner\" ><div class=\"swiper-slide-contents\"><div class=\"elementor-slide-description\">\nDesde peque\u00f1a he tenido una relaci\u00f3n especial con el mundo audiovisual: me dedicaba a crear peliculitas, grababa y fotografiaba cualquier momento, y de ah\u00ed surgi\u00f3 la afici\u00f3n que hoy se ha convertido en mi profesi\u00f3n.\n\n<\/div><a href=\"https:\/\/irantzuarru.eus\/wp-content\/uploads\/2025\/05\/CV-Irantzu-Arruabarrena.pdf\" download=\"\" class=\"elementor-button elementor-slide-button elementor-size-sm\">CV<\/a><\/div><\/div><\/div><div class=\"elementor-repeater-item-7a2ad37 swiper-slide\" role=\"group\" aria-roledescription=\"slide\"><div class=\"swiper-slide-bg\" role=\"img\"><\/div><div class=\"elementor-background-overlay\"><\/div><div class=\"swiper-slide-inner\" ><div class=\"swiper-slide-contents\"><div class=\"elementor-slide-description\">Mi principal campo de trabajo es la edici\u00f3n de v\u00eddeo, la producci\u00f3n audiovisual y la fotograf\u00eda. Aunque tengo m\u00e1s experiencia en fotograf\u00eda, tambi\u00e9n he participado en proyectos audiovisuales: programas de televisi\u00f3n, spots y otros trabajos. \u00daltimamente me atrae especialmente el mundo de los videoclips, en el que me gustar\u00eda profundizar.\n<\/div><\/div><\/div><\/div><div class=\"elementor-repeater-item-99da7d0 swiper-slide\" role=\"group\" aria-roledescription=\"slide\"><div class=\"swiper-slide-bg\" role=\"img\"><\/div><div class=\"elementor-background-overlay\"><\/div><div class=\"swiper-slide-inner\" ><div class=\"swiper-slide-contents\"><div class=\"elementor-slide-description\">Me encanta crear trabajos visuales y me desenvuelvo bien en el trabajo en equipo. Aunque me gustan los procesos creativos, destaco sobre todo en los trabajos t\u00e9cnicos y pr\u00e1cticos: el uso de c\u00e1maras, el montaje del material, y en la edici\u00f3n redondearlo todo.\nDe cara al futuro, tengo intenci\u00f3n de seguir creciendo en el campo audiovisual, participando en proyectos que me ofrezca retos y nuevas historias.\n<\/div><\/div><\/div><\/div>\t\t\t\t<\/div>\n\t\t\t\t\t\t\t\t\t\t\t\t\t\t\t<div class=\"elementor-swiper-button elementor-swiper-button-prev\" role=\"button\" tabindex=\"0\" aria-label=\"Diapositiva anterior\">\n\t\t\t\t\t\t\t<svg aria-hidden=\"true\" class=\"e-font-icon-svg e-eicon-chevron-left\" viewBox=\"0 0 1000 1000\" xmlns=\"http:\/\/www.w3.org\/2000\/svg\"><path d=\"M646 125C629 125 613 133 604 142L308 442C296 454 292 471 292 487 292 504 296 521 308 533L604 854C617 867 629 875 646 875 663 875 679 871 692 858 704 846 713 829 713 812 713 796 708 779 692 767L438 487 692 225C700 217 708 204 708 187 708 171 704 154 692 142 675 129 663 125 646 125Z\"><\/path><\/svg>\t\t\t\t\t\t<\/div>\n\t\t\t\t\t\t<div class=\"elementor-swiper-button elementor-swiper-button-next\" role=\"button\" tabindex=\"0\" aria-label=\"Diapositiva siguiente\">\n\t\t\t\t\t\t\t<svg aria-hidden=\"true\" class=\"e-font-icon-svg e-eicon-chevron-right\" viewBox=\"0 0 1000 1000\" xmlns=\"http:\/\/www.w3.org\/2000\/svg\"><path d=\"M696 533C708 521 713 504 713 487 713 471 708 454 696 446L400 146C388 133 375 125 354 125 338 125 325 129 313 142 300 154 292 171 292 187 292 204 296 221 308 233L563 492 304 771C292 783 288 800 288 817 288 833 296 850 308 863 321 871 338 875 354 875 371 875 388 867 400 854L696 533Z\"><\/path><\/svg>\t\t\t\t\t\t<\/div>\n\t\t\t\t\t\t\t\t\t\t\t\t\t\t\t\t<div class=\"swiper-pagination\"><\/div>\n\t\t\t\t\t\t\t\t\t\t\t\t<\/div>\n\t\t\t\t<\/div>\n\t\t\t\t\t\t\t\t<\/div>\n\t\t\t\t<\/div>\n\t\t\t\t<\/div>\n\t\t\t\t<\/div>\n\t\t","protected":false},"excerpt":{"rendered":"<p>Desde peque\u00f1a he tenido una relaci\u00f3n especial con el mundo audiovisual: me dedicaba a crear peliculitas, grababa y fotografiaba cualquier momento, y de ah\u00ed surgi\u00f3 la afici\u00f3n que hoy se ha convertido en mi profesi\u00f3n. CVMi principal campo de trabajo es la edici\u00f3n de v\u00eddeo, la producci\u00f3n audiovisual y la fotograf\u00eda. Aunque tengo m\u00e1s experiencia [&hellip;]<\/p>\n","protected":false},"author":1,"featured_media":0,"parent":0,"menu_order":0,"comment_status":"closed","ping_status":"closed","template":"","meta":{"footnotes":""},"class_list":["post-1891","page","type-page","status-publish","hentry"],"_links":{"self":[{"href":"https:\/\/irantzuarru.eus\/index.php?rest_route=\/wp\/v2\/pages\/1891","targetHints":{"allow":["GET"]}}],"collection":[{"href":"https:\/\/irantzuarru.eus\/index.php?rest_route=\/wp\/v2\/pages"}],"about":[{"href":"https:\/\/irantzuarru.eus\/index.php?rest_route=\/wp\/v2\/types\/page"}],"author":[{"embeddable":true,"href":"https:\/\/irantzuarru.eus\/index.php?rest_route=\/wp\/v2\/users\/1"}],"replies":[{"embeddable":true,"href":"https:\/\/irantzuarru.eus\/index.php?rest_route=%2Fwp%2Fv2%2Fcomments&post=1891"}],"version-history":[{"count":7,"href":"https:\/\/irantzuarru.eus\/index.php?rest_route=\/wp\/v2\/pages\/1891\/revisions"}],"predecessor-version":[{"id":1940,"href":"https:\/\/irantzuarru.eus\/index.php?rest_route=\/wp\/v2\/pages\/1891\/revisions\/1940"}],"wp:attachment":[{"href":"https:\/\/irantzuarru.eus\/index.php?rest_route=%2Fwp%2Fv2%2Fmedia&parent=1891"}],"curies":[{"name":"wp","href":"https:\/\/api.w.org\/{rel}","templated":true}]}}